{"id":7,"date":"2021-10-24T07:48:55","date_gmt":"2021-10-24T05:48:55","guid":{"rendered":"http:\/\/nwrrv.de\/wordpress\/?page_id=7"},"modified":"2026-04-22T14:20:47","modified_gmt":"2026-04-22T12:20:47","slug":"vorstand","status":"publish","type":"page","link":"https:\/\/nwrrv.de\/?page_id=7","title":{"rendered":"Pr\u00e4sidium"},"content":{"rendered":"<hr \/>\n<h4>N\u00e4chstes Treffen<\/h4>\n<p>Das gesamte Pr\u00e4sidium erreichst du unter <a href=\"mailto:&#x70;&#x72;&#x61;&#x65;&#x73;&#x69;&#x64;&#x69;&#x75;&#x6d;&#x40;&#x6e;&#x77;&#x72;&#x72;&#x76;&#x2e;&#x64;&#x65;\">&#x70;&#x72;&#x61;&#x65;&#x73;&#x69;&#x64;&#x69;&#x75;&#x6d;&#x40;<span class=\"oe_displaynone\">null<\/span>&#x6e;&#x77;&#x72;&#x72;&#x76;&#x2e;&#x64;&#x65;<\/a>.<\/p>\n<hr \/>\n<section style=\"display: table; width: 100%;\">\n<header style=\"display: table-row;\">\n<h5 style=\"display: table-cell;\"><strong><span style=\"color: #008000;\">Gesch\u00e4ftsf\u00fchrendes Pr\u00e4sidium<\/span><\/strong><\/h5>\n<h5 style=\"display: table-cell;\"><strong><span style=\"color: #008000;\">Erweitertes Pr\u00e4sidium<\/span><\/strong><\/h5>\n<\/header>\n<div style=\"display: table-row;\">\n<div style=\"display: table-cell;\">\n<p><span style=\"text-decoration: underline;\"><span style=\"color: #808080;\"><strong>Pr\u00e4sident:<br \/>\nAndr\u00e9 Beuthner<\/strong><\/span><\/span><br \/>\n<a href=\"https:\/\/nwrrv.de\/wp-content\/uploads\/2020\/01\/profile-pic.png\"><img loading=\"lazy\" decoding=\"async\" class=\"alignnone wp-image-3096\" src=\"https:\/\/nwrrv.de\/wp-content\/uploads\/2020\/01\/profile-pic-150x150.png\" alt=\"\" width=\"132\" height=\"132\" srcset=\"https:\/\/nwrrv.de\/wp-content\/uploads\/2020\/01\/profile-pic-150x150.png 150w, https:\/\/nwrrv.de\/wp-content\/uploads\/2020\/01\/profile-pic-300x300.png 300w, https:\/\/nwrrv.de\/wp-content\/uploads\/2020\/01\/profile-pic.png 512w\" sizes=\"auto, (max-width: 132px) 100vw, 132px\" \/><\/a><br \/>\n<a href=\"mailto:&#x70;&#x72;&#x61;&#x65;&#x73;&#x69;&#x64;&#x65;&#x6e;&#x74;&#x40;&#x6e;&#x77;&#x72;&#x72;&#x76;&#x2e;&#x64;&#x65;\">&#x70;&#x72;&#x61;&#x65;&#x73;&#x69;&#x64;&#x65;&#x6e;&#x74;&#x40;<span class=\"oe_displaynone\">null<\/span>&#x6e;&#x77;&#x72;&#x72;&#x76;&#x2e;&#x64;&#x65;<\/a><\/p>\n<p><strong><span style=\"text-decoration: underline;\">Vizepr\u00e4sident:<\/span><\/strong><br \/>\nderzeit nicht besetzt<br \/>\n<img loading=\"lazy\" decoding=\"async\" class=\"alignnone wp-image-3096\" src=\"https:\/\/nwrrv.de\/wp-content\/uploads\/2020\/01\/profile-pic-150x150.png\" alt=\"\" width=\"132\" height=\"132\" srcset=\"https:\/\/nwrrv.de\/wp-content\/uploads\/2020\/01\/profile-pic-150x150.png 150w, https:\/\/nwrrv.de\/wp-content\/uploads\/2020\/01\/profile-pic-300x300.png 300w, https:\/\/nwrrv.de\/wp-content\/uploads\/2020\/01\/profile-pic.png 512w\" sizes=\"auto, (max-width: 132px) 100vw, 132px\" \/><br \/>\n<a href=\"mailto:&#x76;&#x69;&#x7a;&#x65;&#x70;&#x72;&#x61;&#x65;&#x73;&#x69;&#x64;&#x65;&#x6e;&#x74;&#x40;&#x6e;&#x77;&#x72;&#x72;&#x76;&#x2e;&#x64;&#x65;\">&#x76;&#x69;&#x7a;&#x65;&#x70;&#x72;&#x61;&#x65;&#x73;&#x69;&#x64;&#x65;&#x6e;&#x74;&#x40;<span class=\"oe_displaynone\">null<\/span>&#x6e;&#x77;&#x72;&#x72;&#x76;&#x2e;&#x64;&#x65;<\/a><\/p>\n<p><strong><u>Vizepr\u00e4sident Finanzen:<\/u><\/strong><br \/>\nSaskia Topp<br \/>\n<a href=\"https:\/\/nwrrv.de\/wp-content\/uploads\/2019\/10\/Saskia-Topp.jpg\"><img loading=\"lazy\" decoding=\"async\" class=\"alignnone wp-image-2914 \" src=\"https:\/\/nwrrv.de\/wp-content\/uploads\/2019\/10\/Saskia-Topp-e1572043370414-150x150.jpg\" alt=\"\" width=\"130\" height=\"130\" \/><\/a><\/p>\n<p><a href=\"mailto:&#x76;&#x69;&#x7a;&#x65;&#x70;&#x72;&#x61;&#x65;&#x73;&#x69;&#x64;&#x65;&#x6e;&#x74;&#x2d;&#x66;&#x69;&#x6e;&#x61;&#x6e;&#x7a;&#x65;&#x6e;&#x40;&#x6e;&#x77;&#x72;&#x72;&#x76;&#x2e;&#x64;&#x65;\">&#x76;&#x69;&#x7a;&#x65;&#x70;&#x72;&#x61;&#x65;&#x73;&#x69;&#x64;&#x65;&#x6e;&#x74;&#x2d;&#x66;&#x69;&#x6e;&#x61;&#x6e;&#x7a;&#x65;&#x6e;&#x40;<span class=\"oe_displaynone\">null<\/span>&#x6e;&#x77;&#x72;&#x72;&#x76;&#x2e;&#x64;&#x65;<\/a><\/p>\n<\/div>\n<div style=\"display: table-cell;\">\n<p><strong><span style=\"text-decoration: underline;\">Sportdirektor Rock \u00b4n\u00b4Roll:<\/span><\/strong><br \/>\nAndreas Dudos<br \/>\n<a href=\"https:\/\/nwrrv.de\/wp-content\/uploads\/2020\/01\/profile-pic.png\"><img loading=\"lazy\" decoding=\"async\" class=\"alignnone wp-image-3096\" src=\"https:\/\/nwrrv.de\/wp-content\/uploads\/2020\/01\/profile-pic-150x150.png\" alt=\"\" width=\"132\" height=\"132\" srcset=\"https:\/\/nwrrv.de\/wp-content\/uploads\/2020\/01\/profile-pic-150x150.png 150w, https:\/\/nwrrv.de\/wp-content\/uploads\/2020\/01\/profile-pic-300x300.png 300w, https:\/\/nwrrv.de\/wp-content\/uploads\/2020\/01\/profile-pic.png 512w\" sizes=\"auto, (max-width: 132px) 100vw, 132px\" \/><\/a><br \/>\n<span style=\"text-decoration: underline;\"><a href=\"mailto:&#x73;&#x70;&#x6f;&#x72;&#x74;&#x64;&#x69;&#x72;&#x65;&#x6b;&#x74;&#x6f;&#x72;&#x40;&#x6e;&#x77;&#x72;&#x72;&#x76;&#x2e;&#x64;&#x65;\">&#x73;&#x70;&#x6f;&#x72;&#x74;&#x64;&#x69;&#x72;&#x65;&#x6b;&#x74;&#x6f;&#x72;&#x40;<span class=\"oe_displaynone\">null<\/span>&#x6e;&#x77;&#x72;&#x72;&#x76;&#x2e;&#x64;&#x65;<\/a><\/span><\/p>\n<p><strong><span style=\"text-decoration: underline;\">Sportdirektor Boogie-Woogie \/ Swing Dance:<\/span><\/strong><br \/>\nRoland Schubert<br \/>\n<a href=\"https:\/\/nwrrv.de\/wp-content\/uploads\/2014\/03\/rolandschubert.jpg\"><img loading=\"lazy\" decoding=\"async\" class=\"wp-image-146 alignnone\" src=\"https:\/\/nwrrv.de\/wp-content\/uploads\/2024\/10\/PR_RolandSchubert-2.jpg\" alt=\"Roland Schubert\" width=\"100\" height=\"134\" \/><\/a><br \/>\n<a href=\"mailto:&#x73;&#x77;&#x69;&#x6e;&#x67;&#x40;&#x6e;&#x77;&#x72;&#x72;&#x76;&#x2e;&#x64;&#x65;\">&#x73;&#x77;&#x69;&#x6e;&#x67;&#x40;<span class=\"oe_displaynone\">null<\/span>&#x6e;&#x77;&#x72;&#x72;&#x76;&#x2e;&#x64;&#x65;<\/a><\/p>\n<p><strong><span style=\"text-decoration: underline;\">Referent \u00d6ffentlichkeit:<\/span><\/strong><br \/>\nderzeit nicht besetzt<\/p>\n<p><a href=\"https:\/\/nwrrv.de\/wp-content\/uploads\/2020\/01\/profile-pic.png\"><img loading=\"lazy\" decoding=\"async\" class=\"alignnone wp-image-3096\" src=\"https:\/\/nwrrv.de\/wp-content\/uploads\/2020\/01\/profile-pic-150x150.png\" alt=\"\" width=\"132\" height=\"132\" srcset=\"https:\/\/nwrrv.de\/wp-content\/uploads\/2020\/01\/profile-pic-150x150.png 150w, https:\/\/nwrrv.de\/wp-content\/uploads\/2020\/01\/profile-pic-300x300.png 300w, https:\/\/nwrrv.de\/wp-content\/uploads\/2020\/01\/profile-pic.png 512w\" sizes=\"auto, (max-width: 132px) 100vw, 132px\" \/><\/a><br \/>\n<a href=\"mailto:&#x72;&#x65;&#x66;&#x65;&#x72;&#x65;&#x6e;&#x74;&#x2d;&#x6f;&#x65;&#x66;&#x66;&#x65;&#x6e;&#x74;&#x6c;&#x69;&#x63;&#x68;&#x6b;&#x65;&#x69;&#x74;&#x40;&#x6e;&#x77;&#x72;&#x72;&#x76;&#x2e;&#x64;&#x65;\">&#x72;&#x65;&#x66;&#x65;&#x72;&#x65;&#x6e;&#x74;&#x2d;&#x6f;&#x65;&#x66;&#x66;&#x65;&#x6e;&#x74;&#x6c;&#x69;&#x63;&#x68;&#x6b;&#x65;&#x69;&#x74;&#x40;<span class=\"oe_displaynone\">null<\/span>&#x6e;&#x77;&#x72;&#x72;&#x76;&#x2e;&#x64;&#x65;<\/a><\/p>\n<p><strong><span style=\"text-decoration: underline;\">Jugendwart:<\/span><\/strong><br \/>\nMartin Rogausch<\/p>\n<p><a href=\"https:\/\/nwrrv.de\/wp-content\/uploads\/2020\/01\/profile-pic.png\"><img loading=\"lazy\" decoding=\"async\" class=\"alignnone wp-image-3096\" src=\"https:\/\/nwrrv.de\/wp-content\/uploads\/2020\/01\/profile-pic-150x150.png\" alt=\"\" width=\"132\" height=\"132\" srcset=\"https:\/\/nwrrv.de\/wp-content\/uploads\/2020\/01\/profile-pic-150x150.png 150w, https:\/\/nwrrv.de\/wp-content\/uploads\/2020\/01\/profile-pic-300x300.png 300w, https:\/\/nwrrv.de\/wp-content\/uploads\/2020\/01\/profile-pic.png 512w\" sizes=\"auto, (max-width: 132px) 100vw, 132px\" \/><\/a><br \/>\n<a href=\"mailto:&#x6a;&#x75;&#x67;&#x65;&#x6e;&#x74;&#x77;&#x61;&#x72;&#x74;&#x40;&#x6e;&#x77;&#x72;&#x72;&#x76;&#x2e;&#x64;&#x65;\" data-wplink-edit=\"true\">&#x6a;&#x75;&#x67;&#x65;&#x6e;&#x64;&#x77;&#x61;&#x72;&#x74;&#x40;<span class=\"oe_displaynone\">null<\/span>&#x6e;&#x77;&#x72;&#x72;&#x76;&#x2e;&#x64;&#x65;<\/a><\/p>\n<\/div>\n<\/div>\n<\/section>\n<p><!--more--><!--more--><\/p>\n<p><!--more--><\/p>\n<p><!--more--><\/p>","protected":false},"excerpt":{"rendered":"<p>N\u00e4chstes Treffen Das gesamte Pr\u00e4sidium erreichst du unter &#x70;&#x72;&#x61;&#x65;&#x73;&#x69;&#x64;&#x69;&#x75;&#x6d;&#x40;null&#x6e;&#x77;&#x72;&#x72;&#x76;&#x2e;&#x64;&#x65;. Gesch\u00e4ftsf\u00fchrendes Pr\u00e4sidium Erweitertes Pr\u00e4sidium Pr\u00e4sident: Andr\u00e9 Beuthner &#x70;&#x72;&#x61;&#x65;&#x73;&#x69;&#x64;&#x65;&#x6e;&#x74;&#x40;null&#x6e;&#x77;&#x72;&#x72;&#x76;&#x2e;&#x64;&#x65; Vizepr\u00e4sident: derzeit nicht<\/p>\n","protected":false},"author":37,"featured_media":0,"parent":18,"menu_order":1,"comment_status":"closed","ping_status":"closed","template":"","meta":{"colormag_page_container_layout":"default_layout","colormag_page_sidebar_layout":"default_layout","footnotes":"","_links_to":"","_links_to_target":""},"class_list":["post-7","page","type-page","status-publish","hentry"],"jetpack_shortlink":"https:\/\/wp.me\/P4OolM-7","jetpack_sharing_enabled":true,"_links":{"self":[{"href":"https:\/\/nwrrv.de\/index.php?rest_route=\/wp\/v2\/pages\/7","targetHints":{"allow":["GET"]}}],"collection":[{"href":"https:\/\/nwrrv.de\/index.php?rest_route=\/wp\/v2\/pages"}],"about":[{"href":"https:\/\/nwrrv.de\/index.php?rest_route=\/wp\/v2\/types\/page"}],"author":[{"embeddable":true,"href":"https:\/\/nwrrv.de\/index.php?rest_route=\/wp\/v2\/users\/37"}],"replies":[{"embeddable":true,"href":"https:\/\/nwrrv.de\/index.php?rest_route=%2Fwp%2Fv2%2Fcomments&post=7"}],"version-history":[{"count":97,"href":"https:\/\/nwrrv.de\/index.php?rest_route=\/wp\/v2\/pages\/7\/revisions"}],"predecessor-version":[{"id":4948,"href":"https:\/\/nwrrv.de\/index.php?rest_route=\/wp\/v2\/pages\/7\/revisions\/4948"}],"up":[{"embeddable":true,"href":"https:\/\/nwrrv.de\/index.php?rest_route=\/wp\/v2\/pages\/18"}],"wp:attachment":[{"href":"https:\/\/nwrrv.de\/index.php?rest_route=%2Fwp%2Fv2%2Fmedia&parent=7"}],"curies":[{"name":"wp","href":"https:\/\/api.w.org\/{rel}","templated":true}]}}