{"id":69,"date":"2014-04-17T12:28:05","date_gmt":"2014-04-17T10:28:05","guid":{"rendered":"http:\/\/nwrrv.de\/wordpress\/?page_id=69"},"modified":"2025-11-13T07:53:51","modified_gmt":"2025-11-13T05:53:51","slug":"vereine","status":"publish","type":"page","link":"https:\/\/nwrrv.de\/?page_id=69","title":{"rendered":"Vereine"},"content":{"rendered":"<h6>Anr\u00f6chte &#8211; <a href=\"http:\/\/www.rrcsquirrels.de\/\" target=\"_blank\" rel=\"noopener noreferrer\"><span class=\"_5yl5\">RRC Anr\u00f6chter Squirrels im TuS 06 Anr\u00f6chte<\/span><\/a><\/h6>\n<h6>Bielefeld &#8211; <a href=\"http:\/\/www.1brrc.de\/\" target=\"_blank\" rel=\"noopener noreferrer\">1. Bielefelder RRC<\/a><\/h6>\n<h6>Bochum &#8211; <a href=\"http:\/\/www.dac-bochum.de\/\" target=\"_blank\" rel=\"noopener\">DAC Bochum<\/a><\/h6>\n<h6>Dortmund &#8211; <a href=\"https:\/\/rrchighfly.de\/\" target=\"_blank\" rel=\"noopener noreferrer\">RRC High-Fly Dortmund<\/a><\/h6>\n<h6>Dortmund &#8211; <a href=\"https:\/\/www.tsc-eintracht-dortmund.de\/de\/sportarten\/tanzen-rock-n-roll\/\" target=\"_blank\" rel=\"noopener noreferrer\">TSC Eintracht Dortmund<\/a><\/h6>\n<h6>Dr\u00f6schede &#8211; <a href=\"http:\/\/tus-droeschede.de\/index.php?id=10\" target=\"_blank\" rel=\"noopener noreferrer\">TUS Dr\u00f6schede<\/a><\/h6>\n<h6>Duisburg &#8211; <a href=\"http:\/\/www.rrc-duisburg.de\/\" target=\"_blank\" rel=\"noopener noreferrer\">Golden Fifties Duisburg<\/a><\/h6>\n<h6>D\u00fcren &#8211; <a href=\"http:\/\/www.rrc-dueren.de\/\" target=\"_blank\" rel=\"noopener noreferrer\">1. RRC D\u00fcren<\/a><\/h6>\n<h6>D\u00fcsseldorf &#8211; <a href=\"https:\/\/tsc-swing-dance-factory.jimdo.com\/\" target=\"_blank\" rel=\"noopener noreferrer\">TSC Swing Dance Factory<\/a><\/h6>\n<h6>Hilchenbach &#8211; <a href=\"http:\/\/www.hilchenbachsharks.de\/\" target=\"_blank\" rel=\"noopener noreferrer\">Hilchenbach Sharks im TUS Hilchenbach<\/a><\/h6>\n<h6>H\u00fcrth &#8211; <a href=\"http:\/\/www.jukeboxangels.de\/\" target=\"_blank\" rel=\"noopener noreferrer\">Jukebox Angels TSC H\u00fcrth (Rheinland)<\/a><\/h6>\n<h6>Iserlohn &#8211; <a href=\"http:\/\/www.rrc-teddybears.de\/\" target=\"_blank\" rel=\"noopener noreferrer\">RRC &#8220;Teddybears&#8221; Iserlohn<\/a><\/h6>\n<h6>K\u00fcrten D\u00fcrscheid &#8211; <a href=\"http:\/\/www.djk-duerscheid-online.de\/abteilungen\/breitensport\/rock-n-roll\" target=\"_blank\" rel=\"noopener noreferrer\">DJK D\u00fcrscheid RRA Shakin Lions<\/a><\/h6>\n<h6>Krefeld &#8211; <a href=\"http:\/\/www.rrc-number-one.de\/\" target=\"_blank\" rel=\"noopener noreferrer\">RRC &#8220;Number One&#8221; Krefeld<\/a><\/h6>\n<h6>Kreuztal &#8211; <a href=\"http:\/\/www.kreuztalertanzclub-casino.de\/\" target=\"_blank\" rel=\"noopener noreferrer\">Rocking Crocodiles im KTC Kreuztal<\/a><\/h6>\n<h6>Lippstadt &#8211; <a href=\"http:\/\/www.ltvlippstadt.de\/tanzsport-pink-panthers\/\" target=\"_blank\" rel=\"noopener noreferrer\">Pink Panthers im LTV Lippstadt<\/a><\/h6>\n<h6>Moers &#8211; <a href=\"http:\/\/www.rrc-moers.de\/\" target=\"_blank\" rel=\"noopener noreferrer\">RRC 22\/11 Moers<\/a><\/h6>\n<h6>M\u00f6nchengladbach &#8211; <a href=\"http:\/\/www.rrc-elvis.de\/\" target=\"_blank\" rel=\"noopener noreferrer\">RRC Elvis M\u00f6nchengladbach<\/a><\/h6>\n<h6>M\u00fcnster &#8211; <a href=\"http:\/\/www.rrc-muenster.de\/\" target=\"_blank\" rel=\"noopener noreferrer\">RRC M\u00fcnster<\/a><\/h6>\n<h6>Neunkirchen &#8211; <a href=\"http:\/\/www.tvneunkirchen.de\/\" target=\"_blank\" rel=\"noopener noreferrer\">Crazy Jumpers im TV 1908 Neunkirchen<\/a><\/h6>\n<h6>Siegburg &#8211; <a href=\"http:\/\/www.rrc-siegburg.de\/\" target=\"_blank\" rel=\"noopener noreferrer\">RRC Siegburg<\/a><\/h6>\n<h6>Solingen &#8211; TSA Rocklights der TSG Solingen<\/h6>\n<h6>Willich &#8211; <a href=\"http:\/\/www.djk-vfl-willich.de\/\" target=\"_blank\" rel=\"noopener noreferrer\">DJK VfL Willich<\/a><\/h6>\n<h6>Xanten &#8211; <a href=\"http:\/\/www.quibbles.de\/\" target=\"_blank\" rel=\"noopener noreferrer\">Quibbles in der TSG Niederrhein<\/a><\/h6>","protected":false},"excerpt":{"rendered":"<p>Anr\u00f6chte &#8211; RRC Anr\u00f6chter Squirrels im TuS 06 Anr\u00f6chte Bielefeld &#8211; 1. Bielefelder RRC Bochum &#8211; DAC Bochum Dortmund &#8211;<\/p>\n","protected":false},"author":37,"featured_media":0,"parent":1422,"menu_order":6,"comment_status":"closed","ping_status":"closed","template":"","meta":{"colormag_page_container_layout":"default_layout","colormag_page_sidebar_layout":"default_layout","footnotes":"","_links_to":"","_links_to_target":""},"class_list":["post-69","page","type-page","status-publish","hentry"],"jetpack_shortlink":"https:\/\/wp.me\/P4OolM-17","jetpack_sharing_enabled":true,"_links":{"self":[{"href":"https:\/\/nwrrv.de\/index.php?rest_route=\/wp\/v2\/pages\/69","targetHints":{"allow":["GET"]}}],"collection":[{"href":"https:\/\/nwrrv.de\/index.php?rest_route=\/wp\/v2\/pages"}],"about":[{"href":"https:\/\/nwrrv.de\/index.php?rest_route=\/wp\/v2\/types\/page"}],"author":[{"embeddable":true,"href":"https:\/\/nwrrv.de\/index.php?rest_route=\/wp\/v2\/users\/37"}],"replies":[{"embeddable":true,"href":"https:\/\/nwrrv.de\/index.php?rest_route=%2Fwp%2Fv2%2Fcomments&post=69"}],"version-history":[{"count":25,"href":"https:\/\/nwrrv.de\/index.php?rest_route=\/wp\/v2\/pages\/69\/revisions"}],"predecessor-version":[{"id":4896,"href":"https:\/\/nwrrv.de\/index.php?rest_route=\/wp\/v2\/pages\/69\/revisions\/4896"}],"up":[{"embeddable":true,"href":"https:\/\/nwrrv.de\/index.php?rest_route=\/wp\/v2\/pages\/1422"}],"wp:attachment":[{"href":"https:\/\/nwrrv.de\/index.php?rest_route=%2Fwp%2Fv2%2Fmedia&parent=69"}],"curies":[{"name":"wp","href":"https:\/\/api.w.org\/{rel}","templated":true}]}}