{"id":4736,"date":"2025-10-18T12:12:46","date_gmt":"2025-10-18T10:12:46","guid":{"rendered":"https:\/\/nwrrv.de\/?page_id=4736"},"modified":"2025-10-18T13:20:46","modified_gmt":"2025-10-18T11:20:46","slug":"party-2-copy","status":"publish","type":"page","link":"https:\/\/nwrrv.de\/?page_id=4736","title":{"rendered":"Dance Camp Partys 2026"},"content":{"rendered":"<p><!--StartFragment--><\/p>\n<p><!--StartFragment--><\/p>\n\n\n<h2 class=\"wp-block-heading\">&#8220;<strong>Welcome-Party&#8221; am Freitagabend<\/strong><\/h2>\n\n\n\n<p>Bereits am Freitagabend (27.03.2026) geht es nach Check-In und Begr\u00fc\u00dfung mit einer &#8220;Welcome-Party&#8221;, inklusive Abendessen, los. Bei der Party wird per Musik vom DJ schon mal f\u00fcr das erste Aufw\u00e4rmen eurer Tanzbeine gesorgt.<\/p>\n\n\n\n<p><strong><span style=\"text-decoration: underline;\">Die &#8220;Welcome-Party&#8221; ist nur f\u00fcr Dance Camp-Teilnehmende<\/span> und im Teilnahmepreis inbegriffen.<\/strong><\/p>\n\n\n\n<hr class=\"wp-block-separator has-alpha-channel-opacity\"\/>\n\n\n\n<h2 class=\"wp-block-heading\"><strong>Party &#8220;Tanzkultur Swingin&#8217; Fifties&#8221; am Samstagabend<\/strong><\/h2>\n\n\n\n<p>Die Dance Camp-Party <strong>&#8220;Tanzkultur Swingin&#8217; Fifties&#8221;<\/strong> findet am Samstagabend 28.03.2026 ab 19:30 Uhr (ebenfalls mit Musik vom DJ) statt.<\/p>\n\n\n\n<p><strong>Im Rahmen der Party wollen wir ein &#8220;Show-Battle&#8221; durchf\u00fchren.<\/strong><br>Das &#8220;Show-Battle&#8221; bestreiten die Trainerpaare mit ihren Trainingsgruppen, denen sie in den letzten Trainingseinheiten am Samstag vor der Party jeweils eine Show-\/Tanzroutine vermittelt haben. Bewertet werden die Darbietungen vom Publikum nach Gefallen &#8211; es z\u00e4hlt der st\u00e4rkste Applaus. Die Siegergruppe und ihre Trainer erhalten als Preis ein kleines Pr\u00e4sent.<\/p>\n\n\n\n<p><strong>Die Dance Camp-Party am Samstagabend ist f\u00fcr Dance Camp-Teilnehmende im Teilnahmepreis inbegriffen.<\/strong><\/p>\n\n\n\n<p><strong>Eintrittspreise f\u00fcr die Dance Camp-Party am Samstagabend, f\u00fcr Personen ohne Dance Camp-Teilnahme:<\/strong><br>7,- \u20ac pro Person (zahlbar an der Abendkasse)<\/p>\n\n\n\n<hr class=\"wp-block-separator has-css-opacity\"\/>\n\n\n\n<hr class=\"wp-block-separator has-css-opacity\"\/>\n\n\n<p><!--StartFragment--><\/p>\n\n\n<h4 class=\"wp-block-heading\"><strong><span style=\"text-decoration: underline;\">Alle Informationen zum n\u00e4chsten Dance Camp:<\/span><\/strong><\/h4>\n\n\n\n<figure class=\"wp-block-table\"><table class=\"has-background\" style=\"background-color:#e9fbe5\"><tbody><tr><td class=\"has-text-align-left\" data-align=\"left\">&#8211; <a href=\"https:\/\/nwrrv.de\/?page_id=4714\" data-type=\"page\" data-id=\"3244\">Unsere Trainerteam \u2013 Dance Camp 2026<\/a><br>&#8211; <a href=\"https:\/\/nwrrv.de\/?page_id=4716\" data-type=\"page\" data-id=\"4165\">Informationen \u2013 Dance Camp 2026<\/a><br>&#8211; <a href=\"https:\/\/nwrrv.de\/?page_id=4736\" data-type=\"page\" data-id=\"3257\">Dance Camp Partys 2026<\/a><br>&#8211; <a href=\"https:\/\/nwrrv.de\/?page_id=4741\" data-type=\"page\" data-id=\"4358\">Bedingungen zu Foto-\/Videoaufnahmen und Stornierung\/Kostenerstattung \u2013 Dance Camp 2026<\/a><br>&#8211; <a href=\"https:\/\/nwrrv.de\/?page_id=4718\" data-type=\"page\" data-id=\"3246\">Preise und Anmeldung \u2013 Dance Camp 2026<\/a><\/td><\/tr><\/tbody><\/table><\/figure>\n\n\n<p><!--EndFragment--><\/p>\n<p><!--EndFragment--><\/p>","protected":false},"excerpt":{"rendered":"<p>&#8220;Welcome-Party&#8221; am Freitagabend Bereits am Freitagabend (27.03.2026) geht es nach Check-In und Begr\u00fc\u00dfung mit einer &#8220;Welcome-Party&#8221;, inklusive Abendessen, los. Bei<\/p>\n","protected":false},"author":9,"featured_media":0,"parent":2974,"menu_order":4,"comment_status":"closed","ping_status":"closed","template":"","meta":{"colormag_page_container_layout":"default_layout","colormag_page_sidebar_layout":"default_layout","footnotes":"","_links_to":"","_links_to_target":""},"class_list":["post-4736","page","type-page","status-publish","hentry"],"jetpack_shortlink":"https:\/\/wp.me\/P4OolM-1eo","jetpack_sharing_enabled":true,"_links":{"self":[{"href":"https:\/\/nwrrv.de\/index.php?rest_route=\/wp\/v2\/pages\/4736","targetHints":{"allow":["GET"]}}],"collection":[{"href":"https:\/\/nwrrv.de\/index.php?rest_route=\/wp\/v2\/pages"}],"about":[{"href":"https:\/\/nwrrv.de\/index.php?rest_route=\/wp\/v2\/types\/page"}],"author":[{"embeddable":true,"href":"https:\/\/nwrrv.de\/index.php?rest_route=\/wp\/v2\/users\/9"}],"replies":[{"embeddable":true,"href":"https:\/\/nwrrv.de\/index.php?rest_route=%2Fwp%2Fv2%2Fcomments&post=4736"}],"version-history":[{"count":3,"href":"https:\/\/nwrrv.de\/index.php?rest_route=\/wp\/v2\/pages\/4736\/revisions"}],"predecessor-version":[{"id":4750,"href":"https:\/\/nwrrv.de\/index.php?rest_route=\/wp\/v2\/pages\/4736\/revisions\/4750"}],"up":[{"embeddable":true,"href":"https:\/\/nwrrv.de\/index.php?rest_route=\/wp\/v2\/pages\/2974"}],"wp:attachment":[{"href":"https:\/\/nwrrv.de\/index.php?rest_route=%2Fwp%2Fv2%2Fmedia&parent=4736"}],"curies":[{"name":"wp","href":"https:\/\/api.w.org\/{rel}","templated":true}]}}