{"id":4718,"date":"2025-10-18T13:16:00","date_gmt":"2025-10-18T11:16:00","guid":{"rendered":"https:\/\/nwrrv.de\/?page_id=4718"},"modified":"2025-11-01T14:58:34","modified_gmt":"2025-11-01T12:58:34","slug":"trainingsgruppen-leistungsstufen-2-2-2-copy","status":"publish","type":"page","link":"https:\/\/nwrrv.de\/?page_id=4718","title":{"rendered":"Preise und Anmeldung &#8211; Dance Camp 2026"},"content":{"rendered":"<p><!--StartFragment--><\/p>\r\n<p><!--StartFragment--><\/p>\r\n\r\n<h2 id=\"Preise\" class=\"wp-block-heading\"><strong>Dance Camp-Preise<\/strong><\/h2>\r\n\r\n\r\n\r\n<p><strong>Lest euch bitte zuvor ausf\u00fchrlich die <\/strong><a href=\"https:\/\/nwrrv.de\/?page_id=4716\" data-type=\"page\" data-id=\"4716\">Informationen \u2013 Dance Camp 2026<\/a><strong> durch. Hier werden die Teilnahmegeb\u00fchren ausf\u00fchrlich erl\u00e4utert. Danke!<\/strong><\/p>\r\n\r\n\r\n\r\n<p class=\"has-background has-medium-font-size\" style=\"background-color: #fff705;\"><strong>Wir gew\u00e4hren einen Fr\u00fchbucherrabatt! Dieser gilt bis zum 21.12.2025!<\/strong><\/p>\r\n\r\n\r\n\r\n<figure class=\"wp-block-table is-style-stripes\">\r\n<table>\r\n<tbody>\r\n<tr>\r\n<td class=\"has-text-align-left\" data-align=\"left\"><strong>&#8220;KOMPLETTANGEBOT&#8221;<\/strong> &#8211; <br \/><strong>Teilnahmegeb\u00fchr pro Person<\/strong><br \/><strong>Boogie &amp; Swing Dance Camp 2026<\/strong><br \/><br \/>\r\n<ul>\r\n<li>2 x \u00dcbernachtung (von Fr-So)<\/li>\r\n<li>2 x Fr\u00fchst\u00fcck (Sa + So)<\/li>\r\n<li>4 x warme Mahlzeiten =&gt; <br \/>2 x Mittagsverpflegung (Sa + So) und <br \/>2 x Abendverpflegung (Fr + Sa)<\/li>\r\n<li>Getr\u00e4nke-Pauschale f\u00fcr alle <br \/>drei Tage (Ausnahme: Partys)<\/li>\r\n<li>2 x Party-Eintritt =&gt; <br \/>Welcome-Party am Freitagabend und <br \/>Dance Camp-Party am Samstagabend<\/li>\r\n<\/ul>\r\n<\/td>\r\n<td class=\"has-text-align-center\" data-align=\"center\"><strong>Fr\u00fchbucherpreis<\/strong><br \/><strong>&#8220;KOMPLETTANGEBOT&#8221;<br \/>(bis 21.12.2025)<\/strong><\/td>\r\n<td class=\"has-text-align-center\" data-align=\"center\"><strong>Normalpreis<\/strong><br \/><strong>&#8220;KOMPLETTANGEBOT&#8221;<\/strong><br \/><strong>(ab 22.12.2025 &#8211; <\/strong><br \/><strong>bis Anmeldeschluss 01.03.2026)<\/strong><\/td>\r\n<\/tr>\r\n<tr>\r\n<td class=\"has-text-align-left\" data-align=\"left\"><mark class=\"has-inline-color\" style=\"background-color: #7bdcb5;\"><strong>Mitglieder in einem <br \/>NWRRV-Verein<\/strong><\/mark><\/td>\r\n<td class=\"has-text-align-center\" data-align=\"center\"><mark class=\"has-inline-color\" style=\"background-color: #7bdcb5;\"><strong>260 \u20ac<\/strong><\/mark><\/td>\r\n<td class=\"has-text-align-center\" data-align=\"center\"><mark class=\"has-inline-color\" style=\"background-color: #7bdcb5;\"><strong>270 \u20ac<\/strong><\/mark><\/td>\r\n<\/tr>\r\n<tr>\r\n<td class=\"has-text-align-left\" data-align=\"left\"><strong><mark class=\"has-inline-color\" style=\"background-color: #f78da7;\">Nicht-Mitglieder <br \/>des NWRRV<\/mark><\/strong><\/td>\r\n<td class=\"has-text-align-center\" data-align=\"center\"><strong><mark class=\"has-inline-color\" style=\"background-color: #f78da7;\">280 \u20ac<\/mark><\/strong><\/td>\r\n<td class=\"has-text-align-center\" data-align=\"center\"><strong><mark class=\"has-inline-color\" style=\"background-color: #f78da7;\">290 \u20ac<\/mark><\/strong><\/td>\r\n<\/tr>\r\n<\/tbody>\r\n<\/table>\r\n<\/figure>\r\n\r\n\r\n\r\n<h2 class=\"wp-block-heading\"><strong>Fakultative M\u00f6glichkeiten\/Hinweise<\/strong><\/h2>\r\n\r\n\r\n\r\n<ul class=\"wp-block-list\">\r\n<li><strong>Bei der Nutzung eines Zimmers mit zwei Tanzpaaren (vier Personen) reduziert sich der Teilnahmepreis um je 10 \u20ac pro Person.<\/strong><\/li>\r\n\r\n\r\n\r\n<li><strong>Bringt gerne eure Freunde oder Familienmitglieder als G\u00e4ste zur \u00dcbernachtung mit<\/strong><br \/>Um m\u00f6glichst viele Zimmer der Jugendherberge gut auszulasten, k\u00f6nnt ihr gerne eure Freunde oder Familienmitglieder mitbringen, um euer Zimmer &#8220;voll&#8221; zu machen. In Xanten (und Umgebung) gibts sehr viel zu sehen und man kann dort auch ein tolles &#8220;Sightseeing-Wochenende&#8221; verbringen.<br \/>F\u00fcr nur 20 \u20ac pro Person k\u00f6nnt ihr G\u00e4ste mit \u00dcbernachtung und Fr\u00fchst\u00fcck auf euer Zimmer mit einbuchen. Sollte zudem Mittags- und\/oder Abendverpflegung erforderlich sein, kann dies ebenfalls f\u00fcr 10 \u20ac pro Person und Mahlzeit mitgebucht werden.<\/li>\r\n\r\n\r\n\r\n<li><strong>Die Mittagsverpflegung und\/oder Abendverpflegung kann auch &#8220;abgew\u00e4hlt&#8221; werden.<br \/><\/strong>In dem Fall reduziert sich der Teilnahmepreis je Mahlzeit und Person um 7 \u20ac.<\/li>\r\n<\/ul>\r\n\r\n\r\n<hr class=\"wp-block-separator has-alpha-channel-opacity\" \/>\r\n\r\n\r\n<h2 class=\"wp-block-heading\"><strong>Kontoverbindung f\u00fcr die Anmeldung\/\u00dcberweisung:<\/strong><\/h2>\r\n\r\n\r\n\r\n<p>Kontoinhalber:\u00a0\u00a0\u00a0\u00a0\u00a0\u00a0\u00a0\u00a0\u00a0 TSG Niederrhein e.V.<br \/>Bank:\u00a0\u00a0\u00a0\u00a0\u00a0\u00a0\u00a0\u00a0\u00a0\u00a0\u00a0\u00a0\u00a0\u00a0\u00a0\u00a0\u00a0\u00a0\u00a0\u00a0\u00a0\u00a0\u00a0\u00a0\u00a0\u00a0 Volksbank Niederrhein <br \/>IBAN: \u00a0\u00a0\u00a0\u00a0\u00a0\u00a0\u00a0\u00a0\u00a0\u00a0\u00a0\u00a0\u00a0\u00a0\u00a0\u00a0\u00a0\u00a0\u00a0\u00a0\u00a0\u00a0\u00a0\u00a0\u00a0 DE53 3546 1106 1022 8600 18 <br \/>BIC: \u00a0\u00a0\u00a0\u00a0\u00a0\u00a0\u00a0\u00a0\u00a0\u00a0\u00a0\u00a0\u00a0\u00a0\u00a0\u00a0\u00a0\u00a0\u00a0\u00a0\u00a0\u00a0\u00a0\u00a0\u00a0\u00a0\u00a0 GENODED1NRH<\/p>\r\n\r\n\r\n<hr class=\"wp-block-separator has-alpha-channel-opacity\" \/>\r\n\r\n\r\n<h2 id=\"Anmeldung\" class=\"wp-block-heading\"><strong>Anmeldung<\/strong><\/h2>\r\n\r\n\r\n\r\n<p><strong>Die Anmeldung zum &#8220;Boogie &amp; Swing Dance Camp 2026&#8221; muss je Tanzaar einzeln und kann ausschlie\u00dflich \u00fcber das Internet erfolgen!<\/strong> <br \/>Eine &#8220;Sammelmeldung&#8221; von mehreren Tanzpaaren gleichzeitig ist nicht m\u00f6glich.<br \/><strong><br \/>Ihr k\u00f6nnt die Anmeldung \u00fcber folgenden Link durchf\u00fchren:<\/strong><\/p>\r\n\r\n\r\n\r\n<p class=\"has-black-color has-text-color has-background has-link-color has-medium-font-size wp-elements-1d9da548f43102acea5cdb19551ec49d\" style=\"background-color: #fff705;\">\u25ba <a href=\"http:\/\/www.quibbles.de\/shop\/formular2026.asp\">Link zur Anmeldeplattform<\/a><\/p>\r\n\r\n\r\n\r\n<p><strong>Bitte beachten: <\/strong><br \/><strong>Folgende Angaben m\u00fcssen bei Anmeldung\/Buchung mindestens gemacht werden:<\/strong><\/p>\r\n\r\n\r\n\r\n<ul class=\"wp-block-list\">\r\n<li>Vornamen, Namen des Tanzpaars (beide Namen angeben)<\/li>\r\n\r\n\r\n\r\n<li>Clubs \/ Vereine (in dem die Personen tanzen)<\/li>\r\n\r\n\r\n\r\n<li><strong>Angabe, ob euer Verein dem Nordrhein-Westf\u00e4lischen Rock &#8216;n&#8217; Roll-Verband (NWRRV) angeh\u00f6rt<\/strong><br \/>&#8211; k\u00f6nnt ihr bei Bedarf hier pr\u00fcfen: <a href=\"http:\/\/nwrrv.de\/?page_id=69\" target=\"_blank\" rel=\"noreferrer noopener\" aria-label=\"http:\/\/nwrrv.de\/?page_id=69 (opens in a new tab)\">http:\/\/nwrrv.de\/?page_id=69<\/a><\/li>\r\n\r\n\r\n\r\n<li>Trainingsgruppe\/Leistungsstufe (siehe <a href=\"https:\/\/nwrrv.de\/?page_id=4716#Trainingsgruppen\" data-type=\"page\" data-id=\"4165\">Informationen \u2013 Dance Camp 2026<\/a>)<\/li>\r\n\r\n\r\n\r\n<li>Mailadresse (der anmeldenden Person)<\/li>\r\n\r\n\r\n\r\n<li>Telefonnummer (der anmeldenden Person)<\/li>\r\n\r\n\r\n\r\n<li>Stra\u00dfe, Hausnummer (der anmeldenden Person)<\/li>\r\n\r\n\r\n\r\n<li>PLZ, Wohnort (der anmeldenden Person)<\/li>\r\n<\/ul>\r\n\r\n\r\n\r\n<p class=\"has-background has-medium-font-size\" style=\"background-color: #fff705;\"><strong><span style=\"text-decoration: underline;\">Anmeldeschluss ist der 01.03.2026!<\/span><\/strong><br \/><strong>Nach diesem Datum durchgef\u00fchrte Anmeldungen k\u00f6nnen leider nicht mehr ber\u00fccksichtigt werden!<\/strong><\/p>\r\n\r\n\r\n\r\n<p class=\"has-text-color has-link-color wp-elements-212739d1dbc29ccccb2c4a8c7524863b\" style=\"color: #fe1a1a; font-size: 15px;\"><strong>WICHTIG:<\/strong><br \/><strong>Erst nach erfolgter Anmeldung und Eingang des f\u00e4lligen Gesamtbetrages auf dem Konto der TSG Niederrhein, erfolgt per Mail eine Best\u00e4tigung der Anmeldung bzw. Teilnahme.<\/strong><\/p>\r\n\r\n\r\n<hr class=\"wp-block-separator has-css-opacity\" \/>\r\n\r\n<hr class=\"wp-block-separator has-css-opacity\" \/>\r\n<p><!--StartFragment--><\/p>\r\n\r\n<h4 class=\"wp-block-heading\"><strong><span style=\"text-decoration: underline;\">Alle Informationen zum n\u00e4chsten Dance Camp:<\/span><\/strong><\/h4>\r\n\r\n\r\n\r\n<figure class=\"wp-block-table\">\r\n<table class=\"has-background\" style=\"background-color: #e9fbe5;\">\r\n<tbody>\r\n<tr>\r\n<td class=\"has-text-align-left\" data-align=\"left\">&#8211; <a href=\"https:\/\/nwrrv.de\/?page_id=4714\" data-type=\"page\" data-id=\"3244\">Unsere Trainerteam \u2013 Dance Camp 2026<\/a><br \/>&#8211; <a href=\"https:\/\/nwrrv.de\/?page_id=4716\" data-type=\"page\" data-id=\"4165\">Informationen \u2013 Dance Camp 2026<\/a><br \/>&#8211; <a href=\"https:\/\/nwrrv.de\/?page_id=4736\" data-type=\"page\" data-id=\"3257\">Dance Camp Partys 2026<\/a><br \/>&#8211; <a href=\"https:\/\/nwrrv.de\/?page_id=4741\" data-type=\"page\" data-id=\"4358\">Bedingungen zu Foto-\/Videoaufnahmen und Stornierung\/Kostenerstattung \u2013 Dance Camp 2026<\/a><br \/>&#8211; <a href=\"https:\/\/nwrrv.de\/?page_id=4718\" data-type=\"page\" data-id=\"3246\">Preise und Anmeldung \u2013 Dance Camp 2026<\/a><\/td>\r\n<\/tr>\r\n<\/tbody>\r\n<\/table>\r\n<\/figure>\r\n\r\n<p><!--EndFragment--><\/p>\r\n<p><!--EndFragment--><\/p>\r\n<p><!--EndFragment--><\/p>","protected":false},"excerpt":{"rendered":"<p>Dance Camp-Preise Lest euch bitte zuvor ausf\u00fchrlich die Informationen \u2013 Dance Camp 2026 durch. Hier werden die Teilnahmegeb\u00fchren ausf\u00fchrlich erl\u00e4utert.<\/p>\n","protected":false},"author":9,"featured_media":0,"parent":2974,"menu_order":3,"comment_status":"closed","ping_status":"closed","template":"","meta":{"colormag_page_container_layout":"default_layout","colormag_page_sidebar_layout":"default_layout","footnotes":"","_links_to":"","_links_to_target":""},"class_list":["post-4718","page","type-page","status-publish","hentry"],"jetpack_shortlink":"https:\/\/wp.me\/P4OolM-1e6","jetpack_sharing_enabled":true,"_links":{"self":[{"href":"https:\/\/nwrrv.de\/index.php?rest_route=\/wp\/v2\/pages\/4718","targetHints":{"allow":["GET"]}}],"collection":[{"href":"https:\/\/nwrrv.de\/index.php?rest_route=\/wp\/v2\/pages"}],"about":[{"href":"https:\/\/nwrrv.de\/index.php?rest_route=\/wp\/v2\/types\/page"}],"author":[{"embeddable":true,"href":"https:\/\/nwrrv.de\/index.php?rest_route=\/wp\/v2\/users\/9"}],"replies":[{"embeddable":true,"href":"https:\/\/nwrrv.de\/index.php?rest_route=%2Fwp%2Fv2%2Fcomments&post=4718"}],"version-history":[{"count":8,"href":"https:\/\/nwrrv.de\/index.php?rest_route=\/wp\/v2\/pages\/4718\/revisions"}],"predecessor-version":[{"id":4874,"href":"https:\/\/nwrrv.de\/index.php?rest_route=\/wp\/v2\/pages\/4718\/revisions\/4874"}],"up":[{"embeddable":true,"href":"https:\/\/nwrrv.de\/index.php?rest_route=\/wp\/v2\/pages\/2974"}],"wp:attachment":[{"href":"https:\/\/nwrrv.de\/index.php?rest_route=%2Fwp%2Fv2%2Fmedia&parent=4718"}],"curies":[{"name":"wp","href":"https:\/\/api.w.org\/{rel}","templated":true}]}}