{"id":4358,"date":"2024-10-13T15:26:54","date_gmt":"2024-10-13T13:26:54","guid":{"rendered":"https:\/\/nwrrv.de\/?page_id=4358"},"modified":"2025-04-09T13:18:46","modified_gmt":"2025-04-09T11:18:46","slug":"weitere-wichtige-informationen-2","status":"publish","type":"page","link":"https:\/\/nwrrv.de\/?page_id=4358","title":{"rendered":"Bedingungen zu Foto-\/Videoaufnahmen und Stornierung\/Kostenerstattung &#8211; Dance Camp 2025"},"content":{"rendered":"<p><!--StartFragment--><\/p>\n<p><!--StartFragment--><\/p>\n\n\n<h2 class=\"wp-block-heading\"><strong>Foto-\/Videoaufnahmen<\/strong>  <\/h2>\n\n\n\n<p><strong>Mit der Anmeldung zum Dance Camp akzeptiert ihr folgende Bedingungen zum Thema Foto-\/Videoaufnahmen:<\/strong><\/p>\n\n\n\n<ol class=\"wp-block-list\">\n<li>F\u00fcr die Teilnehmenden ist es grunds\u00e4tzlich erlaubt <strong>Foto- und<\/strong> <strong>Videoaufnahmen<\/strong> w\u00e4hrend des Dance Camps zu t\u00e4tigen. Diese sind jedoch <strong>nur f\u00fcr den privaten\/pers\u00f6nlichen Gebrauch zul\u00e4ssig<\/strong>!<br><\/li>\n\n\n\n<li>Um den Trainingsbetrieb nicht zu st\u00f6ren\/aufzuhalten, sind <strong>w\u00e4hrend allen Trainingseinheiten keine Videoaufnahmen<\/strong> <strong>zul\u00e4ssig<\/strong>! Am Ende der jeweiligen Einheit werden euch die Trainerinnen und Trainer genug Zeit geben, das Erlernte noch einmal auf Video aufzunehmen.<br><\/li>\n\n\n\n<li>Der Dance Camp-Organisation ist es erlaubt jederzeit w\u00e4hrend des Dance Camps Fotos und Videos zu Promotions- und Werbezwecken f\u00fcr das Dance Camp aufzunehmen. <br><\/li>\n\n\n\n<li>Mit der Anmeldung zum Dance Camp erteilen die Teilnehmenden der Dance Camp-Organisation die uneingeschr\u00e4nkte Zustimmung zur Ver\u00f6ffentlichung von Fotos, Videos oder Ausschnitten davon, auf Plakaten, Werbung bzw. im Internet-Auftritt und den Social-Media-Kan\u00e4len des NWRRV oder der Quibbles Xanten auf denen er\/sie und\/oder sein Tanzpartner bzw. seine Tanzpartnerin dargestellt ist.<\/li>\n<\/ol>\n\n\n\n<hr class=\"wp-block-separator has-css-opacity\"\/>\n\n\n\n<hr class=\"wp-block-separator has-css-opacity\"\/>\n\n\n\n<h2 class=\"wp-block-heading\"><strong>Stornierung des Dance Camps \/ Kostenerstattung \/ &#8220;Tausch&#8221; von Teilnehmenden<\/strong><\/h2>\n\n\n\n<p>Es kommt immer mal vor, dass jemand (kurzfristig) die Dance Camp-Teilnahme absagen muss. Bitte habt Verst\u00e4ndnis daf\u00fcr, dass die Dance Camp-Organisation mit  Kostenaufwand verbunden ist und wir nur mit einer gewissen finanziellen Sicherheit das Dance Camp planen und organisieren k\u00f6nnen. Dazu geh\u00f6rt auch, dass wir (kurzfristige) Ausf\u00e4lle\/Stornierungen finanziell &#8220;auffangen&#8221; m\u00fcssen.<\/p>\n\n\n\n<p><strong>Mit der Anmeldung zum Dance Camp akzeptiert ihr folgende Bedingungen zu einer Stornierung:<\/strong><\/p>\n\n\n\n<ol class=\"wp-block-list\">\n<li>Eine Stornierung des Dance Camps mit voller Kostenerstattung ist grunds\u00e4tzlich nur bis zum Tag vor dem Anmeldeschluss, also nur bis zum 16.01.2025, m\u00f6glich.<br><\/li>\n\n\n\n<li>Nach dem 16.01.2025 und bis zum 15.02.2025 k\u00f6nnen wir nur Stornierungen akzeptieren, die aus gesundheitlichen oder dienstlichen Gr\u00fcnden erfolgen. In einem solchen Fall ben\u00f6tigen wir als begr\u00fcndete Unterlage ein \u00e4rztliches Attest (im Original) bzw. eine offizielle dienstliche Bescheinigung (mit Unterschrift des Arbeitgebers \u2013 im Original).<br>Die Kostenerstattung erfolgt in diesem Fall in H\u00f6he von 50% des gezahlten Gesamtbetrages.<br><\/li>\n\n\n\n<li>Bei Stornierungen, die nach dem 15.02.2025 aus gesundheitlichen oder dienstlichen Gr\u00fcnden erfolgen (gleiche Bedingungen wie unter Punkt 2.), ist eine Kostenerstattung von 25 % des gezahlten Gesamtbetrages m\u00f6glich.<br><\/li>\n\n\n\n<li>Bei Stornierungen, die nicht aus gesundheitlichen oder dienstlichen Gr\u00fcnden erfolgen, kann grunds\u00e4tzlich nur der Betrag f\u00fcr die Mittags- und Abendverpflegungen in H\u00f6he von 7 \u20ac pro Person und Mahlzeit zur\u00fcckgezahlt werden. Eine R\u00fcckzahlung des Dance Camp-Teilnahmebetrages (z.B. das &#8220;Komplettangebot&#8221;) kann nicht erfolgen, da damit gleichzeitig die Finanzierbarkeit und Durchf\u00fchrung des gesamten Dance Camp auf dem Spiel steht.<br><\/li>\n\n\n\n<li>Neben einer Stornierung ist auch die &#8220;\u00dcbertragung&#8221; bzw. der &#8220;Tausch&#8221; der Teilnahme auf andere Personen m\u00f6glich. In diesem Fall ben\u00f6tigt die Dance Camp-Organisation jeweils eine Mail der zu streichenden und der zu ersetzenden Person(en). Die &#8220;\u00dcbertragung&#8221; der gebuchten Level\/Gruppe und Verpflegung erfolgt in diesem Fall 1:1 wie bei der urspr\u00fcnglich Buchung der Teilnahme.<br>Wir bitten um Verst\u00e4ndnis, dass die finanzielle Erstattung in diesem Fall nicht \u00fcber die Dance Camp-Organisation erfolgen kann, sondern unter den beteiligten Personen auf privater Basis durchgef\u00fchrt werden muss. <br><\/li>\n\n\n\n<li>Aus organisatorischen Gr\u00fcnden kann bei einer Stornierung innerhalb von 2 Wochen vor Dance Camp-Start keine Kostenerstattung mehr durchgef\u00fchrt werden.<\/li>\n<\/ol>\n\n\n\n<hr class=\"wp-block-separator has-css-opacity\"\/>\n\n\n<p>\n<!--StartFragment--><\/p>\n\n\n<h4 class=\"wp-block-heading\"><strong><span style=\"text-decoration: underline;\">Alle Informationen zum Dance Camp:<\/span><\/strong><\/h4>\n\n\n\n<figure class=\"wp-block-table\"><table class=\"has-background\" style=\"background-color:#e9fbe5\"><tbody><tr><td class=\"has-text-align-left\" data-align=\"left\">&#8211; <a href=\"https:\/\/nwrrv.de\/?page_id=3244\" data-type=\"page\" data-id=\"3244\">Unsere Trainerteam \u2013 Dance Camp 2025<\/a><br>&#8211; <a href=\"https:\/\/nwrrv.de\/?page_id=4165\" data-type=\"page\" data-id=\"4165\">Informationen \u2013 Dance Camp 2025<\/a><br>&#8211; <a href=\"https:\/\/nwrrv.de\/?page_id=3257\" data-type=\"page\" data-id=\"3257\">Dance Camp Partys 2025<\/a><br>&#8211; <a href=\"https:\/\/nwrrv.de\/?page_id=4358\" data-type=\"page\" data-id=\"4358\">Bedingungen zu Foto-\/Videoaufnahmen und Stornierung\/Kostenerstattung \u2013 Dance Camp 2025<\/a><br>&#8211; <a href=\"https:\/\/nwrrv.de\/?page_id=3246\" data-type=\"page\" data-id=\"3246\">Preise und Anmeldung \u2013 Dance Camp 2025<\/a><\/td><\/tr><\/tbody><\/table><\/figure>\n\n\n<p><!--EndFragment--><\/p>\n<p><!--EndFragment--><\/p>","protected":false},"excerpt":{"rendered":"<p>Foto-\/Videoaufnahmen Mit der Anmeldung zum Dance Camp akzeptiert ihr folgende Bedingungen zum Thema Foto-\/Videoaufnahmen: Stornierung des Dance Camps \/ Kostenerstattung<\/p>\n","protected":false},"author":9,"featured_media":0,"parent":0,"menu_order":1,"comment_status":"closed","ping_status":"closed","template":"","meta":{"colormag_page_container_layout":"default_layout","colormag_page_sidebar_layout":"default_layout","jetpack_post_was_ever_published":false,"footnotes":"","_links_to":"","_links_to_target":""},"class_list":["post-4358","page","type-page","status-publish","hentry"],"jetpack_shortlink":"https:\/\/wp.me\/P4OolM-18i","jetpack_sharing_enabled":true,"_links":{"self":[{"href":"https:\/\/nwrrv.de\/index.php?rest_route=\/wp\/v2\/pages\/4358","targetHints":{"allow":["GET"]}}],"collection":[{"href":"https:\/\/nwrrv.de\/index.php?rest_route=\/wp\/v2\/pages"}],"about":[{"href":"https:\/\/nwrrv.de\/index.php?rest_route=\/wp\/v2\/types\/page"}],"author":[{"embeddable":true,"href":"https:\/\/nwrrv.de\/index.php?rest_route=\/wp\/v2\/users\/9"}],"replies":[{"embeddable":true,"href":"https:\/\/nwrrv.de\/index.php?rest_route=%2Fwp%2Fv2%2Fcomments&post=4358"}],"version-history":[{"count":11,"href":"https:\/\/nwrrv.de\/index.php?rest_route=\/wp\/v2\/pages\/4358\/revisions"}],"predecessor-version":[{"id":4467,"href":"https:\/\/nwrrv.de\/index.php?rest_route=\/wp\/v2\/pages\/4358\/revisions\/4467"}],"wp:attachment":[{"href":"https:\/\/nwrrv.de\/index.php?rest_route=%2Fwp%2Fv2%2Fmedia&parent=4358"}],"curies":[{"name":"wp","href":"https:\/\/api.w.org\/{rel}","templated":true}]}}