{"id":4165,"date":"2024-10-05T12:35:09","date_gmt":"2024-10-05T10:35:09","guid":{"rendered":"https:\/\/nwrrv.de\/?page_id=4165"},"modified":"2025-04-09T13:14:55","modified_gmt":"2025-04-09T11:14:55","slug":"trainingsgruppen-leistungsstufen-2","status":"publish","type":"page","link":"https:\/\/nwrrv.de\/?page_id=4165","title":{"rendered":"Informationen &#8211; Dance Camp 2025"},"content":{"rendered":"<p><!--StartFragment--><\/p>\n<p><!--StartFragment--><\/p>\n\n\n<h2 class=\"wp-block-heading\" id=\"\u00c4nderungen\"><strong>\u00c4nderungen in diesem Jahr<\/strong><\/h2>\n\n\n\n<p>Wegen der massiven Probleme zur Sporthallen-Nutzung in der Stadt Xanten, mussten wir als Dance Camp-Organisation einen v\u00f6llig neuen Weg gehen. Ohne diesen neuen Ansatz w\u00e4re das Dance Camp in absehbarer Zeit nicht m\u00f6glich gewesen. Da wir davon ausgehen, dass auch Ihr als Teilnehmende nicht wollt, dass das Dance Camp &#8220;stirbt&#8221;, hoffen wir auf euren gro\u00dfen Zuspruch zur v\u00f6llig anderen Durchf\u00fchrung.<br>Bitte &#8220;erschreckt&#8221; nicht gleich wegen der neuen Preise, aber wir k\u00f6nnen die Nutzung der neuen Location nur mit \u00dcbernachtungen anbieten.<br><\/p>\n\n\n\n<h4 class=\"wp-block-heading\"><strong>Die \u00c4nderungen\/Neuerungen im Einzelnen:<\/strong><\/h4>\n\n\n\n<ul class=\"wp-block-list\">\n<li><strong>Start, Anreise bzw. Check-In bereits am Freitag<\/strong><br>Wir starten mit dem Dance Camp diesmal bereits am Freitagnachmittag. Anreise und Check-In ist am Freitag ab 15:00 Uhr m\u00f6glich.<br>Ab 18:00 Uhr folgt die &#8220;Welcome-Party&#8221; inklusive Abendessen und offizieller Begr\u00fc\u00dfung in der Mensa.<br><br><\/li>\n\n\n\n<li><strong>Verlegung der Veranstaltungsr\u00e4umlichkeiten<\/strong><br>Unser neues &#8220;Dance Camp Home&#8221; wird ab dem Jahr 2025 die <a href=\"https:\/\/www.jugendherberge.de\/jugendherbergen\/xanten\/\">Jugendhergerge Xanten<\/a> sein, mit der wir einen exklusiven Nutzungsvertrag f\u00fcr das Wochenende 11. bis 13. April 2025 geschlossen haben.<br>Dort ist Platz f\u00fcr alle zum Tanzen, Platz f\u00fcr alle zum Schlafen und Platz f\u00fcr die (nun) zwei Partys. Also alle und alles &#8220;unter einem Dach&#8221;. <br>Das wird toll, &#8220;kuschelig&#8221; und famili\u00e4r und wir werden sicherlich jede Menge Spa\u00df haben!<br><br>Es handelt sich bei unserer neuen Location zwar um eine Jugendherberge, aber diese ist aktuell eine der Modernsten in Deutschland. Es gibt moderne Zimmer und in jedem Zimmer ein eigenes Bad. Das einzige was an eine Jugendherberge erinnert sind die Stock-\/Etagenbetten.<br><img loading=\"lazy\" decoding=\"async\" width=\"600\" height=\"338\" class=\"wp-image-4469\" style=\"width: 600px;\" src=\"https:\/\/nwrrv.de\/wp-content\/uploads\/2024\/10\/001_buehne_gross-webp.webp\" alt=\"\" srcset=\"https:\/\/nwrrv.de\/wp-content\/uploads\/2024\/10\/001_buehne_gross-webp.webp 1600w, https:\/\/nwrrv.de\/wp-content\/uploads\/2024\/10\/001_buehne_gross-webp-300x169.webp 300w, https:\/\/nwrrv.de\/wp-content\/uploads\/2024\/10\/001_buehne_gross-webp-1024x576.webp 1024w, https:\/\/nwrrv.de\/wp-content\/uploads\/2024\/10\/001_buehne_gross-webp-768x432.webp 768w, https:\/\/nwrrv.de\/wp-content\/uploads\/2024\/10\/001_buehne_gross-webp-1536x864.webp 1536w\" sizes=\"auto, (max-width: 600px) 100vw, 600px\" \/><br><br><strong>F\u00fcr den unten genannten Teilnahmepreis bzw. das &#8220;Komplettangebot&#8221; bringen wir Euch zu zweit in einem Zimmer unter. <\/strong><br><strong>Etwas g\u00fcnstiger wird es, wenn ihr zu viert in einem Zimmer schlafen m\u00f6chtet <\/strong>(siehe dazu auch die Infos beim letzten Punkt &#8220;Bringt eure Freunde oder Familienmitglieder als G\u00e4ste zur \u00dcbernachtung mit&#8221;).<br><br><\/li>\n\n\n\n<li><strong>Trainingsr\u00e4umlichkeiten, Unterkunft und Verpflegung in einem<\/strong><br>Wegen der Exklusivnutzung ist es nicht m\u00f6glich am Dance Camp teilzunehmen, ohne die \u00dcbernachtungsm\u00f6glichkeit und die Verpflegung zu nutzen. <br><strong>Beim Buchen eurer Teilnahmepl\u00e4tze zahlt ihr beim &#8220;Komplettangebot&#8221; neben der Dance Camp-Teilnahme automatisch die Unterkunft, Vollpension und den Eintritt zu beiden Partys dazu.<br>Etwas g\u00fcnstiger wird es, wenn ihr das Mittagessen und\/oder Abendessen nicht mit bucht.<\/strong><br><br><\/li>\n\n\n\n<li><strong>Super-g\u00fcnstiges Komplettangebot<\/strong><br>NWRRV und die &#8220;Quibbles&#8221; k\u00f6nnen die gesamte Anlage (wie gesagt) nur inklusive \u00dcbernachtungen\/Zimmer und Verpflegung nutzen\/buchen.<br>Wir haben f\u00fcr euch dazu ein super-g\u00fcnstiges Angebot zur Teilnahme am Dance Camp vom 11. bis 13. April 2025 zusammengestellt:<br>Das komplette Wochenende k\u00f6nnt ihr bereits ab 260 \u20ac pro Person buchen (f\u00fcr Mitglieder in einem NWRRV-Verein). <br><br><strong>Darin sind enthalten:<\/strong><br>&#8211; die Dance-Camp-Teilnahme, <br>&#8211; 2 \u00dcbernachtungen (von Freitag bis Sonntag),<br>&#8211; 2 x Fr\u00fchst\u00fcck (Samstag und Sonntag)<br>&#8211; 4 x warme Mahlzeiten =&gt; 2 x Mittagsverpflegung (Samstag und Sonntag) und 2 x Abendverpflegung (Freitag und Samstag) <br>&#8211; 2 x Party-Eintritt (Welcome-Party am Freitagabend + Dance Camp-Party am Samstagabend)<br><br>Bitte beachtet die unterschiedliche Preisstruktur zwischen Mitgliedschaft in einem NWRRV-Verein und Nicht-Mitgliedern des NWRRV.<br><br><\/li>\n\n\n\n<li><strong>L\u00e4ngere Unterrichtseinheiten<\/strong><br>Als Reaktion auf die W\u00fcnsche der teilnehmenden Tanzpaare aus dem Jahr 2019, haben wir die Trainingseinheiten verl\u00e4ngert.<br><br><\/li>\n\n\n\n<li><strong>Dance Camp Party ohne Liveband aber mit DJ<\/strong><br>Da wir nach den vielen Jahren etwas bescheidener wieder starten wollen, verzichten wir in diesem Jahr erst mal auf eine Liveband. <br>Daf\u00fcr wird euch aber DJ Jonas flei\u00dfig an beiden Abenden mit Tanzmusik versorgen.<br><br><\/li>\n\n\n\n<li><strong>Buchung einzelner Trainingsstunden nicht mehr m\u00f6glich<\/strong><br>Da die Buchung konkreter einzelner Stunden (z.B. immer beim gleichen Trainerpaar) in den letzten Jahren zu einigen Problemem f\u00fchrte, kann eure Buchung nur noch in Trainingsgruppen bzw. Leistungsstufen erfolgen (so wie in den Anfangsjahren des Dance Camp). <br>Jede Gruppe kommt somit wieder in den Genuss aller Trainerpaare.<br><br><\/li>\n\n\n\n<li><strong>Bringt eure Freunde oder Familienmitglieder als G\u00e4ste zur \u00dcbernachtung mit<\/strong><br>Um m\u00f6glichst viele Zimmer der Jugendherberge gut auszulasten, k\u00f6nnt ihr gerne eure Freunde oder Familienmitglieder mitbringen, um euer Zimmer &#8220;voll&#8221; zu machen. In Xanten (und Umgebung) gibts sehr viel zu sehen und man kann dort auch ein tolles &#8220;Sightseeing-Wochenende&#8221; verbringen.<br>F\u00fcr nur 20 \u20ac pro Person k\u00f6nnt ihr G\u00e4ste mit \u00dcbernachtung und Fr\u00fchst\u00fcck auf euer Zimmer mit einbuchen. Sollte zudem Mittags- und\/oder Abendverpflegung erforderlich sein, kann dies ebenfalls f\u00fcr 10 \u20ac pro Person und Mahlzeit mitgebucht werden.<\/li>\n<\/ul>\n\n\n\n<hr class=\"wp-block-separator has-alpha-channel-opacity\"\/>\n\n\n\n<h2 class=\"wp-block-heading\" id=\"Trainingsgruppen\"><strong>Trainingsgruppen \/ Leistungsstufen<\/strong><\/h2>\n\n\n\n<p>Bitte sch\u00e4tzt euer Leistungsverm\u00f6gen selber ein, um euch bei der Buchung der Teilnahme f\u00fcr den richtigen Level bzw. die richtige Gruppe anzumelden. Seid dabei bitte ehrlich zu euch selber, gegen\u00fcber der Dance Camp-Organisation und damit auch zu euren mittanzenden Paaren in der Trainingsgruppe. Kurz gesagt: \u00dcbersch\u00e4tzt euch bitte nicht! Danke!<br>Die Level sind eindeutig beschrieben. Bitte richtet euch nach diesen Vorgaben!<\/p>\n\n\n\n<div class=\"wp-block-group has-background is-layout-flow wp-block-group-is-layout-flow\" style=\"background-color:#faf729\">\n<p><strong>Level\/Gruppe 1 &#8211; Mittelstufe (Intermediate):<\/strong><br>Paare mit sicherem Boogie-Grundschritt und sicherer Boogie-Basic. T\u00e4nzerisch seid ihr aktuell Hobby-\/Partyt\u00e4nzer, ihr tanzt mindestens seit einem Jahr und geht regelm\u00e4\u00dfig w\u00f6chentlich zum Training. Ihr habt schon ein gutes Repertoire an Basicfiguren und Varianten, k\u00f6nnt Lieder locker durchtanzen und wollt eure vorhandenen Kenntnisse als Hobbytanzpaar vertiefen. Neben neuen Figuren geht es f\u00fcr euch beim Dance Camp auch um Sicherheit beim F\u00fchren und Folgen, sowie eurem Taktgef\u00fchl und der Verfeinerung eures t\u00e4nzerischen K\u00f6nnens.<\/p>\n<\/div>\n\n\n\n<p><\/p>\n\n\n\n<div class=\"wp-block-group has-luminous-vivid-amber-background-color has-background is-layout-flow wp-block-group-is-layout-flow\">\n<p><strong>Level\/Gruppe 2 &#8211;<\/strong> <strong>Mittelstufe\/Fortgeschrittene (Intermediate\/Advanced)<\/strong>:<br>Paare die mindestens zwei Grundschrittvarianten beherrschen (z.B. 4er-, 6er-, 8er-, 9er-Grunschritt) und ein gro\u00dfes Figurenrepertoire besitzen. Neben den regelm\u00e4\u00dfigen w\u00f6chentlichen Trainingseinheiten und Partybesuchen am Wochenende, stellt ihr euch gerne neuen Herausforderungen und wollt euer Musikverst\u00e4ndnis verbessern. In diesem Level solltet ihr in der Taktregion bis ca. 45 Takte pro Minute sicher sein.<\/p>\n<\/div>\n\n\n\n<hr class=\"wp-block-separator has-css-opacity\"\/>\n\n\n\n<h2 class=\"wp-block-heading\" id=\"Stundenplan\"><strong>Trainingsinhalte \/ Stundenplan<\/strong><\/h2>\n\n\n\n<p>Den zeitlichen Ablauf des Wochenendes entnehmt ihr bitte dem Stundenplan. <br>Bitte beachtet, dass dieser zum aktuellen Zeitpunkt noch <strong>vorl\u00e4ufig<\/strong> ist &#8211; die Inhalte werden wir mit der Zeit erg\u00e4nzen und k\u00f6nnen sich ggf. (auch kurzfristig) noch einmal \u00e4ndern.<\/p>\n\n\n\n<div class=\"wp-block-file\"><a id=\"wp-block-file--media-c7fc3e01-4927-4370-bc98-83c8cbc2c446\" href=\"https:\/\/nwrrv.de\/wp-content\/uploads\/2025\/04\/20250411-13-vorlaeufiger-Stundenplan-BSDC-2025.pdf\" target=\"_blank\" rel=\"noreferrer noopener\">20250411-13 vorl\u00e4ufiger Stundenplan &#8211; BSDC 2025<\/a><a href=\"https:\/\/nwrrv.de\/wp-content\/uploads\/2025\/04\/20250411-13-vorlaeufiger-Stundenplan-BSDC-2025.pdf\" class=\"wp-block-file__button wp-element-button\" download aria-describedby=\"wp-block-file--media-c7fc3e01-4927-4370-bc98-83c8cbc2c446\">Herunterladen<\/a><\/div>\n\n\n\n<hr class=\"wp-block-separator has-css-opacity\"\/>\n\n\n\n<h2 class=\"wp-block-heading\"><strong>Check-In \/ Begr\u00fc\u00dfung<\/strong><\/h2>\n\n\n\n<p>Der Check-In zum Dance Camp ist am Freitag 11.04.2025 ab 15:00 Uhr m\u00f6glich. Der Check-In findet im Empfangsbereich (Rezeption) der Jugendherberge Xanten statt. <br>Ab 18:00 Uhr startet in der Mensa die &#8220;Welcome Party&#8221;, inklusive Abendverpflegung und offizieller Begr\u00fc\u00dfung mit letzten Informationen zum Dance Camp-Start.<\/p>\n\n\n\n<hr class=\"wp-block-separator has-css-opacity\"\/>\n\n\n\n<hr class=\"wp-block-separator has-css-opacity\"\/>\n\n\n<p><!--StartFragment--><\/p>\n\n\n<h4 class=\"wp-block-heading\"><strong><span style=\"text-decoration: underline;\">Alle Informationen zum n\u00e4chsten Dance Camp:<\/span><\/strong><\/h4>\n\n\n\n<figure class=\"wp-block-table\"><table class=\"has-background\" style=\"background-color:#e9fbe5\"><tbody><tr><td class=\"has-text-align-left\" data-align=\"left\">&#8211; <a href=\"https:\/\/nwrrv.de\/?page_id=3244\" data-type=\"page\" data-id=\"3244\">Unsere Trainerteam \u2013 Dance Camp 2025<\/a><br>&#8211; <a href=\"https:\/\/nwrrv.de\/?page_id=4165\" data-type=\"page\" data-id=\"4165\">Informationen \u2013 Dance Camp 2025<\/a><br>&#8211; <a href=\"https:\/\/nwrrv.de\/?page_id=3257\" data-type=\"page\" data-id=\"3257\">Dance Camp Partys 2025<\/a><br>&#8211; <a href=\"https:\/\/nwrrv.de\/?page_id=4358\" data-type=\"page\" data-id=\"4358\">Bedingungen zu Foto-\/Videoaufnahmen und Stornierung\/Kostenerstattung \u2013 Dance Camp 2025<\/a><br>&#8211; <a href=\"https:\/\/nwrrv.de\/?page_id=3246\" data-type=\"page\" data-id=\"3246\">Preise und Anmeldung \u2013 Dance Camp 2025<\/a><\/td><\/tr><\/tbody><\/table><\/figure>\n\n\n<p><!--EndFragment--><\/p>\n<p><!--EndFragment--><\/p>\n<p><!--EndFragment--><\/p>","protected":false},"excerpt":{"rendered":"<p>\u00c4nderungen in diesem Jahr Wegen der massiven Probleme zur Sporthallen-Nutzung in der Stadt Xanten, mussten wir als Dance Camp-Organisation einen<\/p>\n","protected":false},"author":9,"featured_media":0,"parent":2974,"menu_order":2,"comment_status":"closed","ping_status":"closed","template":"","meta":{"colormag_page_container_layout":"default_layout","colormag_page_sidebar_layout":"default_layout","jetpack_post_was_ever_published":false,"footnotes":"","_links_to":"","_links_to_target":""},"class_list":["post-4165","page","type-page","status-publish","hentry"],"jetpack_shortlink":"https:\/\/wp.me\/P4OolM-15b","jetpack_sharing_enabled":true,"_links":{"self":[{"href":"https:\/\/nwrrv.de\/index.php?rest_route=\/wp\/v2\/pages\/4165","targetHints":{"allow":["GET"]}}],"collection":[{"href":"https:\/\/nwrrv.de\/index.php?rest_route=\/wp\/v2\/pages"}],"about":[{"href":"https:\/\/nwrrv.de\/index.php?rest_route=\/wp\/v2\/types\/page"}],"author":[{"embeddable":true,"href":"https:\/\/nwrrv.de\/index.php?rest_route=\/wp\/v2\/users\/9"}],"replies":[{"embeddable":true,"href":"https:\/\/nwrrv.de\/index.php?rest_route=%2Fwp%2Fv2%2Fcomments&post=4165"}],"version-history":[{"count":54,"href":"https:\/\/nwrrv.de\/index.php?rest_route=\/wp\/v2\/pages\/4165\/revisions"}],"predecessor-version":[{"id":4834,"href":"https:\/\/nwrrv.de\/index.php?rest_route=\/wp\/v2\/pages\/4165\/revisions\/4834"}],"up":[{"embeddable":true,"href":"https:\/\/nwrrv.de\/index.php?rest_route=\/wp\/v2\/pages\/2974"}],"wp:attachment":[{"href":"https:\/\/nwrrv.de\/index.php?rest_route=%2Fwp%2Fv2%2Fmedia&parent=4165"}],"curies":[{"name":"wp","href":"https:\/\/api.w.org\/{rel}","templated":true}]}}