{"id":3246,"date":"2020-01-14T21:12:22","date_gmt":"2020-01-14T19:12:22","guid":{"rendered":"https:\/\/nwrrv.de\/?page_id=3246"},"modified":"2025-11-01T14:49:12","modified_gmt":"2025-11-01T12:49:12","slug":"trainingsgruppen-leistungsstufen-2-2-2","status":"publish","type":"page","link":"https:\/\/nwrrv.de\/?page_id=3246","title":{"rendered":"Preise und Anmeldung &#8211; Dance Camp 2025"},"content":{"rendered":"<p><!--StartFragment--><\/p>\n<p><!--StartFragment--><\/p>\n\n\n<h2 class=\"wp-block-heading\" id=\"Preise\"><strong>Dance Camp-Preise<\/strong><\/h2>\n\n\n\n<p><strong>Lest euch bitte zuvor ausf\u00fchrlich die <a href=\"https:\/\/nwrrv.de\/?page_id=4165\" data-type=\"page\" data-id=\"4165\">Informationen \u2013 Dance Camp 2025<\/a> durch, die die Teilnahmegeb\u00fchren ausf\u00fchrlich erl\u00e4utern und begr\u00fcnden. Danke!<\/strong><\/p>\n\n\n\n<p class=\"has-background has-medium-font-size\" style=\"background-color:#fff705\"><strong>Wir gew\u00e4hren einen Fr\u00fchbucherrabatt! Dieser gilt bis zum 01.12.2024!<\/strong><\/p>\n\n\n\n<figure class=\"wp-block-table is-style-stripes\"><table><tbody><tr><td class=\"has-text-align-left\" data-align=\"left\"><strong>&#8220;KOMPLETTANGEBOT&#8221;<\/strong> &#8211; <br><strong>Teilnahmegeb\u00fchr pro Person<\/strong><br><strong>Boogie &amp; Swing Dance Camp 2025<\/strong><br>\n<p>+ 2 x \u00dcbernachtung (von Fr-So)<br>+ 2 x Fr\u00fchst\u00fcck (Sa + So)<br>+ 4 x warme Mahlzeiten =&gt;<br>&nbsp;&nbsp;&nbsp; 2 x Mittagsverpflegung (Sa + So) und<br>&nbsp; &nbsp; 2 x Abendverpflegung (Fr + Sa)<br>+ 2 x Party-Eintritt =&gt; <br>&nbsp; &nbsp; Welcome-Party am Freitagabend und<br>&nbsp; &nbsp; Dance Camp-Party am Samstagabend<\/p>\n<\/td><td class=\"has-text-align-center\" data-align=\"center\"><strong>Fr\u00fchbucherpreis<\/strong><br><strong>&#8220;KOMPLETTANGEBOT&#8221;<br>(bis 01.12.2024)<\/strong><\/td><td class=\"has-text-align-center\" data-align=\"center\"><strong>Normalpreis<\/strong><br><strong>&#8220;KOMPLETTANGEBOT&#8221;<\/strong><br><strong>(ab 02.12.2024 &#8211; <\/strong><br><strong>bis Anmeldeschluss 16.01.2025)<\/strong><\/td><\/tr><tr><td class=\"has-text-align-left\" data-align=\"left\"><mark class=\"has-inline-color\" style=\"background-color: #7bdcb5;\"><strong>Mitglieder in einem <br>NWRRV-Verein<\/strong><\/mark><\/td><td class=\"has-text-align-center\" data-align=\"center\"><mark class=\"has-inline-color\" style=\"background-color: #7bdcb5;\"><strong>260 \u20ac<\/strong><\/mark><\/td><td class=\"has-text-align-center\" data-align=\"center\"><mark class=\"has-inline-color\" style=\"background-color: #7bdcb5;\"><strong>270 \u20ac<\/strong><\/mark><\/td><\/tr><tr><td class=\"has-text-align-left\" data-align=\"left\"><strong><mark class=\"has-inline-color\" style=\"background-color: #f78da7;\">Nicht-Mitglieder <br>des NWRRV<\/mark><\/strong><\/td><td class=\"has-text-align-center\" data-align=\"center\"><strong><mark class=\"has-inline-color\" style=\"background-color: #f78da7;\">280 \u20ac<\/mark><\/strong><\/td><td class=\"has-text-align-center\" data-align=\"center\"><strong><mark class=\"has-inline-color\" style=\"background-color: #f78da7;\">290 \u20ac<\/mark><\/strong><\/td><\/tr><\/tbody><\/table><\/figure>\n\n\n\n<h2 class=\"wp-block-heading\"><strong>Fakultative M\u00f6glichkeiten\/Hinweise<\/strong><\/h2>\n\n\n\n<ul class=\"wp-block-list\">\n<li><strong>Bei der Nutzung eines Zimmers mit zwei Tanzpaaren (vier Personen) reduziert sich der Teilnahmepreis um je 10 \u20ac pro Person.<\/strong><\/li>\n\n\n\n<li><strong>Bringt gerne eure Freunde oder Familienmitglieder als G\u00e4ste zur \u00dcbernachtung mit<\/strong><br>Um m\u00f6glichst viele Zimmer der Jugendherberge gut auszulasten, k\u00f6nnt ihr gerne eure Freunde oder Familienmitglieder mitbringen, um euer Zimmer &#8220;voll&#8221; zu machen. In Xanten (und Umgebung) gibts sehr viel zu sehen und man kann dort auch ein tolles &#8220;Sightseeing-Wochenende&#8221; verbringen.<br>F\u00fcr nur 20 \u20ac pro Person k\u00f6nnt ihr G\u00e4ste mit \u00dcbernachtung und Fr\u00fchst\u00fcck auf euer Zimmer mit einbuchen. Sollte zudem Mittags- und\/oder Abendverpflegung erforderlich sein, kann dies ebenfalls f\u00fcr 10 \u20ac pro Person und Mahlzeit mitgebucht werden.<\/li>\n\n\n\n<li><strong>Die Mittagsverpflegung und\/oder Abendverpflegung kann auch &#8220;abgew\u00e4hlt&#8221; werden.<br><\/strong>In dem Fall reduziert sich der Teilnahmepreis je Mahlzeit und Person um 7 \u20ac.<\/li>\n<\/ul>\n\n\n\n<hr class=\"wp-block-separator has-alpha-channel-opacity\"\/>\n\n\n\n<h2 class=\"wp-block-heading\"><strong>Kontoverbindung f\u00fcr die Anmeldung\/\u00dcberweisung:<\/strong><\/h2>\n\n\n\n<p>Kontoinhalber:&nbsp;&nbsp;&nbsp;&nbsp;&nbsp;&nbsp;&nbsp;&nbsp;&nbsp; TSG Niederrhein e.V.<br>Bank:&nbsp;&nbsp;&nbsp;&nbsp;&nbsp;&nbsp;&nbsp;&nbsp;&nbsp;&nbsp;&nbsp;&nbsp;&nbsp;&nbsp;&nbsp;&nbsp;&nbsp;&nbsp;&nbsp;&nbsp;&nbsp;&nbsp;&nbsp;&nbsp;&nbsp;&nbsp; Volksbank Niederrhein <br>IBAN: &nbsp;&nbsp;&nbsp;&nbsp;&nbsp;&nbsp;&nbsp;&nbsp;&nbsp;&nbsp;&nbsp;&nbsp;&nbsp;&nbsp;&nbsp;&nbsp;&nbsp;&nbsp;&nbsp;&nbsp;&nbsp;&nbsp;&nbsp;&nbsp;&nbsp; DE53 3546 1106 1022 8600 18 <br>BIC: &nbsp;&nbsp;&nbsp;&nbsp;&nbsp;&nbsp;&nbsp;&nbsp;&nbsp;&nbsp;&nbsp;&nbsp;&nbsp;&nbsp;&nbsp;&nbsp;&nbsp;&nbsp;&nbsp;&nbsp;&nbsp;&nbsp;&nbsp;&nbsp;&nbsp;&nbsp;&nbsp; GENODED1NRH<\/p>\n\n\n\n<hr class=\"wp-block-separator has-alpha-channel-opacity\"\/>\n\n\n\n<h2 class=\"wp-block-heading\" id=\"Anmeldung\"><strong>Anmeldung<\/strong><\/h2>\n\n\n\n<p><strong>Die Anmeldung zum &#8220;Boogie &amp; Swing Dance Camp 2025&#8221; muss je Tanzaar einzeln und kann ausschlie\u00dflich \u00fcber das Internet erfolgen!<\/strong> <br>Eine &#8220;Sammelmeldung&#8221; von mehreren Tanzpaaren gleichzeitig ist nicht m\u00f6glich.<br><strong><br>Ihr k\u00f6nnt die Anmeldung ab jetzt \u00fcber folgenden Link durchf\u00fchren:<\/strong><\/p>\n\n\n\n<p class=\"has-black-color has-text-color has-background has-link-color has-medium-font-size wp-elements-ebfa438d94f6355650f4d4d1abdae071\" style=\"background-color:#fff705\">\u25ba Die Anmeldung war bis zum 16.01.2025 m\u00f6glich<\/p>\n\n\n\n<p><strong>Bitte beachten: <\/strong><br><strong>Folgende Angaben m\u00fcssen bei Anmeldung\/Buchung mindestens gemacht werden:<\/strong><\/p>\n\n\n\n<ul class=\"wp-block-list\">\n<li>Vornamen, Namen des Tanzpaars (beide Namen angeben)<\/li>\n\n\n\n<li>Clubs \/ Vereine (in dem die Personen tanzen)<\/li>\n\n\n\n<li><strong>Angabe, ob euer Verein dem Nordrhein-Westf\u00e4lischen Rock &#8216;n&#8217; Roll-Verband (NWRRV) angeh\u00f6rt<\/strong> &#8211; <br>k\u00f6nnt ihr bei Bedarf hier pr\u00fcfen: <a aria-label=\"http:\/\/nwrrv.de\/?page_id=69 (opens in a new tab)\" href=\"http:\/\/nwrrv.de\/?page_id=69\" target=\"_blank\" rel=\"noreferrer noopener\">http:\/\/nwrrv.de\/?page_id=69<\/a><\/li>\n\n\n\n<li>Trainingsgruppe\/Leistungsstufe (siehe <a href=\"https:\/\/nwrrv.de\/?page_id=4165#Trainingsgruppen\" data-type=\"page\" data-id=\"4165\">Informationen \u2013 Dance Camp 2025<\/a>)<\/li>\n\n\n\n<li>Mailadresse (der anmeldenden Person)<\/li>\n\n\n\n<li>Telefonnummer (der anmeldenden Person)<\/li>\n\n\n\n<li>Stra\u00dfe, Hausnummer (der anmeldenden Person)<\/li>\n\n\n\n<li>PLZ, Wohnort (der anmeldenden Person)<\/li>\n<\/ul>\n\n\n\n<p class=\"has-background has-medium-font-size\" style=\"background-color:#fff705\"><strong><span style=\"text-decoration: underline;\">Anmeldeschluss ist der 16.01.2025!<\/span><\/strong><br><strong>Nach diesem Datum durchgef\u00fchrte Anmeldungen k\u00f6nnen leider nicht mehr ber\u00fccksichtigt werden!<\/strong><\/p>\n\n\n\n<p class=\"has-text-color has-link-color wp-elements-d9d5e37e75989def2a6398272c1aa564\" style=\"color:#fe1a1a;font-size:15px\"><strong>WICHTIG:<\/strong><br><strong>Erst nach erfolgter Anmeldung und Eingang des f\u00e4lligen Gesamtbetrages auf dem Konto der TSG Niederrhein, erfolgt per Mail eine Best\u00e4tigung der Anmeldung bzw. Teilnahme.<\/strong><\/p>\n\n\n\n<hr class=\"wp-block-separator has-css-opacity\"\/>\n\n\n\n<hr class=\"wp-block-separator has-css-opacity\"\/>\n\n\n<p><!--StartFragment--><\/p>\n\n\n<h4 class=\"wp-block-heading\"><strong><span style=\"text-decoration: underline;\">Alle Informationen zum n\u00e4chsten Dance Camp:<\/span><\/strong><\/h4>\n\n\n\n<figure class=\"wp-block-table\"><table class=\"has-background\" style=\"background-color:#e9fbe5\"><tbody><tr><td class=\"has-text-align-left\" data-align=\"left\">&#8211; <a href=\"https:\/\/nwrrv.de\/?page_id=3244\" data-type=\"page\" data-id=\"3244\">Unsere Trainerteam \u2013 Dance Camp 2025<\/a><br>&#8211; <a href=\"https:\/\/nwrrv.de\/?page_id=4165\" data-type=\"page\" data-id=\"4165\">Informationen \u2013 Dance Camp 2025<\/a><br>&#8211; <a href=\"https:\/\/nwrrv.de\/?page_id=3257\" data-type=\"page\" data-id=\"3257\">Dance Camp Partys 2025<\/a><br>&#8211; <a href=\"https:\/\/nwrrv.de\/?page_id=4358\" data-type=\"page\" data-id=\"4358\">Bedingungen zu Foto-\/Videoaufnahmen und Stornierung\/Kostenerstattung \u2013 Dance Camp 2025<\/a><br>&#8211; <a href=\"https:\/\/nwrrv.de\/?page_id=3246\" data-type=\"page\" data-id=\"3246\">Preise und Anmeldung \u2013 Dance Camp 2025<\/a><\/td><\/tr><\/tbody><\/table><\/figure>\n\n\n<p><!--EndFragment--><\/p>\n<p><!--EndFragment--><\/p>\n<p><!--EndFragment--><\/p>","protected":false},"excerpt":{"rendered":"<p>Dance Camp-Preise Lest euch bitte zuvor ausf\u00fchrlich die Informationen \u2013 Dance Camp 2025 durch, die die Teilnahmegeb\u00fchren ausf\u00fchrlich erl\u00e4utern und<\/p>\n","protected":false},"author":9,"featured_media":0,"parent":2974,"menu_order":3,"comment_status":"closed","ping_status":"closed","template":"","meta":{"colormag_page_container_layout":"default_layout","colormag_page_sidebar_layout":"default_layout","jetpack_post_was_ever_published":false,"footnotes":"","_links_to":"","_links_to_target":""},"class_list":["post-3246","page","type-page","status-publish","hentry"],"jetpack_shortlink":"https:\/\/wp.me\/P4OolM-Qm","jetpack_sharing_enabled":true,"_links":{"self":[{"href":"https:\/\/nwrrv.de\/index.php?rest_route=\/wp\/v2\/pages\/3246","targetHints":{"allow":["GET"]}}],"collection":[{"href":"https:\/\/nwrrv.de\/index.php?rest_route=\/wp\/v2\/pages"}],"about":[{"href":"https:\/\/nwrrv.de\/index.php?rest_route=\/wp\/v2\/types\/page"}],"author":[{"embeddable":true,"href":"https:\/\/nwrrv.de\/index.php?rest_route=\/wp\/v2\/users\/9"}],"replies":[{"embeddable":true,"href":"https:\/\/nwrrv.de\/index.php?rest_route=%2Fwp%2Fv2%2Fcomments&post=3246"}],"version-history":[{"count":94,"href":"https:\/\/nwrrv.de\/index.php?rest_route=\/wp\/v2\/pages\/3246\/revisions"}],"predecessor-version":[{"id":4867,"href":"https:\/\/nwrrv.de\/index.php?rest_route=\/wp\/v2\/pages\/3246\/revisions\/4867"}],"up":[{"embeddable":true,"href":"https:\/\/nwrrv.de\/index.php?rest_route=\/wp\/v2\/pages\/2974"}],"wp:attachment":[{"href":"https:\/\/nwrrv.de\/index.php?rest_route=%2Fwp%2Fv2%2Fmedia&parent=3246"}],"curies":[{"name":"wp","href":"https:\/\/api.w.org\/{rel}","templated":true}]}}